{"id":1207,"date":"2020-09-29T12:19:31","date_gmt":"2020-09-29T12:19:31","guid":{"rendered":"https:\/\/dentmedicum.ch\/?page_id=1207"},"modified":"2025-10-28T15:23:57","modified_gmt":"2025-10-28T15:23:57","slug":"ag","status":"publish","type":"page","link":"https:\/\/dentia-basel.ch\/index.php\/home\/ag\/","title":{"rendered":"Metehan Kilic"},"content":{"rendered":"\t\t<div data-elementor-type=\"wp-page\" data-elementor-id=\"1207\" class=\"elementor elementor-1207\">\n\t\t\t\t\t\t<section class=\"elementor-section elementor-top-section elementor-element elementor-element-7f3a6ea elementor-section-stretched elementor-section-boxed elementor-section-height-default elementor-section-height-default\" data-id=\"7f3a6ea\" data-element_type=\"section\" data-settings=\"{&quot;stretch_section&quot;:&quot;section-stretched&quot;,&quot;background_background&quot;:&quot;classic&quot;}\">\n\t\t\t\t\t\t<div class=\"elementor-container elementor-column-gap-default\">\n\t\t\t\t\t<div class=\"elementor-column elementor-col-100 elementor-top-column elementor-element elementor-element-21d1234\" data-id=\"21d1234\" data-element_type=\"column\">\n\t\t\t<div class=\"elementor-widget-wrap elementor-element-populated\">\n\t\t\t\t\t\t<section class=\"elementor-section elementor-inner-section elementor-element elementor-element-fc9ffd5 elementor-section-full_width elementor-section-height-default elementor-section-height-default\" data-id=\"fc9ffd5\" data-element_type=\"section\" data-settings=\"{&quot;background_background&quot;:&quot;classic&quot;}\">\n\t\t\t\t\t\t<div class=\"elementor-container elementor-column-gap-default\">\n\t\t\t\t\t<div class=\"elementor-column elementor-col-50 elementor-inner-column elementor-element elementor-element-4846bb0\" data-id=\"4846bb0\" data-element_type=\"column\">\n\t\t\t<div class=\"elementor-widget-wrap elementor-element-populated\">\n\t\t\t\t\t\t<div class=\"elementor-element elementor-element-0890670 elementor-widget elementor-widget-heading\" data-id=\"0890670\" data-element_type=\"widget\" data-widget_type=\"heading.default\">\n\t\t\t\t<div class=\"elementor-widget-container\">\n\t\t\t\t\t<h2 class=\"elementor-heading-title elementor-size-xl\">Metehan Kilic<\/h2>\t\t\t\t<\/div>\n\t\t\t\t<\/div>\n\t\t\t\t<div class=\"elementor-element elementor-element-67eabca elementor-widget elementor-widget-image\" data-id=\"67eabca\" data-element_type=\"widget\" data-widget_type=\"image.default\">\n\t\t\t\t<div class=\"elementor-widget-container\">\n\t\t\t\t\t\t\t\t\t\t\t\t\t\t\t<img fetchpriority=\"high\" decoding=\"async\" width=\"800\" height=\"1000\" src=\"https:\/\/dentia-basel.ch\/wp-content\/uploads\/2025\/10\/Kilic_Metehan_2_800x1000.jpg\" class=\"attachment-large size-large wp-image-2250\" alt=\"\" srcset=\"https:\/\/dentia-basel.ch\/wp-content\/uploads\/2025\/10\/Kilic_Metehan_2_800x1000.jpg 800w, https:\/\/dentia-basel.ch\/wp-content\/uploads\/2025\/10\/Kilic_Metehan_2_800x1000-240x300.jpg 240w, https:\/\/dentia-basel.ch\/wp-content\/uploads\/2025\/10\/Kilic_Metehan_2_800x1000-768x960.jpg 768w, https:\/\/dentia-basel.ch\/wp-content\/uploads\/2025\/10\/Kilic_Metehan_2_800x1000-230x288.jpg 230w, https:\/\/dentia-basel.ch\/wp-content\/uploads\/2025\/10\/Kilic_Metehan_2_800x1000-350x438.jpg 350w, https:\/\/dentia-basel.ch\/wp-content\/uploads\/2025\/10\/Kilic_Metehan_2_800x1000-480x600.jpg 480w, https:\/\/dentia-basel.ch\/wp-content\/uploads\/2025\/10\/elementor\/thumbs\/Kilic_Metehan_2_800x1000-rdtwvvby1zz1whisjf6tnhnbak1tbqko4vmr4ceglk.jpg 400w\" sizes=\"(max-width: 800px) 100vw, 800px\" \/>\t\t\t\t\t\t\t\t\t\t\t\t\t\t\t<\/div>\n\t\t\t\t<\/div>\n\t\t\t\t<div class=\"elementor-element elementor-element-b3956a0 elementor-widget elementor-widget-heading\" data-id=\"b3956a0\" data-element_type=\"widget\" data-widget_type=\"heading.default\">\n\t\t\t\t<div class=\"elementor-widget-container\">\n\t\t\t\t\t<h2 class=\"elementor-heading-title elementor-size-medium\">Dentalassistent in Ausbildung<\/h2>\t\t\t\t<\/div>\n\t\t\t\t<\/div>\n\t\t\t\t\t<\/div>\n\t\t<\/div>\n\t\t\t\t<div class=\"elementor-column elementor-col-50 elementor-inner-column elementor-element elementor-element-f14e0b5\" data-id=\"f14e0b5\" data-element_type=\"column\">\n\t\t\t<div class=\"elementor-widget-wrap elementor-element-populated\">\n\t\t\t\t\t\t<div class=\"elementor-element elementor-element-cb0b256 elementor-widget elementor-widget-text-editor\" data-id=\"cb0b256\" data-element_type=\"widget\" data-widget_type=\"text-editor.default\">\n\t\t\t\t<div class=\"elementor-widget-container\">\n\t\t\t\t\t\t\t\t\t<p><em>Ich arbeite mit grosser Freude in meinem Beruf und setze meine St\u00e4rken gerne zum Wohle des Teams sowie unserer Patienten ein. Es gelingt mir schnell, ein vertrauensvolles Verh\u00e4ltnis zu ihnen aufzubauen und zu ihrem Wohlbefinden beizutragen. Schon lange interessiere ich mich f\u00fcr die Zahnmedizin. In meiner Freizeit lese ich gerne, um neue Eindr\u00fccke und Inspirationen zu gewinnen.<\/em><\/p>\t\t\t\t\t\t\t\t<\/div>\n\t\t\t\t<\/div>\n\t\t\t\t\t<\/div>\n\t\t<\/div>\n\t\t\t\t\t<\/div>\n\t\t<\/section>\n\t\t\t\t\t<\/div>\n\t\t<\/div>\n\t\t\t\t\t<\/div>\n\t\t<\/section>\n\t\t\t\t<section class=\"elementor-section elementor-top-section elementor-element elementor-element-6842080 elementor-section-stretched elementor-section-height-min-height elementor-section-full_width elementor-section-height-default elementor-section-items-middle\" data-id=\"6842080\" data-element_type=\"section\" data-settings=\"{&quot;stretch_section&quot;:&quot;section-stretched&quot;,&quot;background_background&quot;:&quot;classic&quot;}\">\n\t\t\t\t\t\t<div class=\"elementor-container elementor-column-gap-default\">\n\t\t\t\t\t<div class=\"elementor-column elementor-col-100 elementor-top-column elementor-element elementor-element-9552b1f\" data-id=\"9552b1f\" data-element_type=\"column\">\n\t\t\t<div class=\"elementor-widget-wrap elementor-element-populated\">\n\t\t\t\t\t\t<div class=\"elementor-element elementor-element-82a2fd2 elementor-widget elementor-widget-text-editor\" data-id=\"82a2fd2\" data-element_type=\"widget\" data-widget_type=\"text-editor.default\">\n\t\t\t\t<div class=\"elementor-widget-container\">\n\t\t\t\t\t\t\t\t\t<p><b>Impressum\u00a0<\/b><\/p><p>DENTIA Basel &#8211; Zahnarztpraxis, Gundeldingerstrasse 359, CH-4053 Basel\u00a0<\/p><p>Tel. +41 61 331 58 17 praxis@dentia-basel.ch<\/p>\t\t\t\t\t\t\t\t<\/div>\n\t\t\t\t<\/div>\n\t\t\t\t<div class=\"elementor-element elementor-element-ed203c7 elementor-align-center elementor-widget elementor-widget-button\" data-id=\"ed203c7\" data-element_type=\"widget\" data-widget_type=\"button.default\">\n\t\t\t\t<div class=\"elementor-widget-container\">\n\t\t\t\t\t\t\t\t\t<div class=\"elementor-button-wrapper\">\n\t\t\t\t\t<a class=\"elementor-button elementor-button-link elementor-size-sm\" href=\"tel:%20+41%2061%20331%2058%2017\">\n\t\t\t\t\t\t<span class=\"elementor-button-content-wrapper\">\n\t\t\t\t\t\t\t\t\t<span class=\"elementor-button-text\">061 331 58 17<\/span>\n\t\t\t\t\t<\/span>\n\t\t\t\t\t<\/a>\n\t\t\t\t<\/div>\n\t\t\t\t\t\t\t\t<\/div>\n\t\t\t\t<\/div>\n\t\t\t\t<div class=\"elementor-element elementor-element-092e482 elementor-widget elementor-widget-text-editor\" data-id=\"092e482\" data-element_type=\"widget\" data-widget_type=\"text-editor.default\">\n\t\t\t\t<div class=\"elementor-widget-container\">\n\t\t\t\t\t\t\t\t\t<p><span style=\"letter-spacing: 0px;\">\u00a92025 DENTIA Basel &#8211; Zahnarztpraxis<\/span><\/p>\t\t\t\t\t\t\t\t<\/div>\n\t\t\t\t<\/div>\n\t\t\t\t\t<\/div>\n\t\t<\/div>\n\t\t\t\t\t<\/div>\n\t\t<\/section>\n\t\t\t\t<\/div>\n\t\t","protected":false},"excerpt":{"rendered":"<p>Metehan Kilic Dentalassistent in Ausbildung Ich arbeite mit grosser Freude in meinem Beruf und setze meine St\u00e4rken gerne zum Wohle des Teams [&hellip;]<\/p>\n","protected":false},"author":2,"featured_media":2250,"parent":13,"menu_order":0,"comment_status":"closed","ping_status":"closed","template":"elementor_header_footer","meta":{"inline_featured_image":false,"footnotes":""},"class_list":["post-1207","page","type-page","status-publish","has-post-thumbnail","hentry"],"_links":{"self":[{"href":"https:\/\/dentia-basel.ch\/index.php\/wp-json\/wp\/v2\/pages\/1207","targetHints":{"allow":["GET"]}}],"collection":[{"href":"https:\/\/dentia-basel.ch\/index.php\/wp-json\/wp\/v2\/pages"}],"about":[{"href":"https:\/\/dentia-basel.ch\/index.php\/wp-json\/wp\/v2\/types\/page"}],"author":[{"embeddable":true,"href":"https:\/\/dentia-basel.ch\/index.php\/wp-json\/wp\/v2\/users\/2"}],"replies":[{"embeddable":true,"href":"https:\/\/dentia-basel.ch\/index.php\/wp-json\/wp\/v2\/comments?post=1207"}],"version-history":[{"count":22,"href":"https:\/\/dentia-basel.ch\/index.php\/wp-json\/wp\/v2\/pages\/1207\/revisions"}],"predecessor-version":[{"id":2290,"href":"https:\/\/dentia-basel.ch\/index.php\/wp-json\/wp\/v2\/pages\/1207\/revisions\/2290"}],"up":[{"embeddable":true,"href":"https:\/\/dentia-basel.ch\/index.php\/wp-json\/wp\/v2\/pages\/13"}],"wp:featuredmedia":[{"embeddable":true,"href":"https:\/\/dentia-basel.ch\/index.php\/wp-json\/wp\/v2\/media\/2250"}],"wp:attachment":[{"href":"https:\/\/dentia-basel.ch\/index.php\/wp-json\/wp\/v2\/media?parent=1207"}],"curies":[{"name":"wp","href":"https:\/\/api.w.org\/{rel}","templated":true}]}}